{"id":78,"date":"2026-02-18T10:12:07","date_gmt":"2026-02-18T10:12:07","guid":{"rendered":"https:\/\/vesttherm.dk\/?page_id=78"},"modified":"2026-02-18T11:16:29","modified_gmt":"2026-02-18T11:16:29","slug":"vt-3130-31-32-270-l","status":"publish","type":"page","link":"https:\/\/vesttherm.dk\/de\/vt-3130-31-32-270-l\/","title":{"rendered":"VT 3130\/31\/32 (270 L)"},"content":{"rendered":"<p>[et_pb_section fb_built=&#8221;1&#8243; _builder_version=&#8221;4.16&#8243; _module_preset=&#8221;_initial&#8221; custom_padding=&#8221;50px||0px||false|false&#8221; global_colors_info=&#8221;{}&#8221;][et_pb_row column_structure=&#8221;1_4,3_4&#8243; use_custom_gutter=&#8221;on&#8221; gutter_width=&#8221;1&#8243; _builder_version=&#8221;4.16&#8243; _module_preset=&#8221;_initial&#8221; max_width=&#8221;1300px&#8221; max_width_tablet=&#8221;90%&#8221; max_width_phone=&#8221;90%&#8221; max_width_last_edited=&#8221;on|phone&#8221; global_colors_info=&#8221;{}&#8221;][et_pb_column type=&#8221;1_4&#8243; _builder_version=&#8221;4.16&#8243; _module_preset=&#8221;_initial&#8221; border_color_top=&#8221;#e12026&#8243; global_colors_info=&#8221;{}&#8221;][et_pb_text _builder_version=&#8221;4.27.5&#8243; _module_preset=&#8221;_initial&#8221; text_text_color=&#8221;#1c1c1c&#8221; header_font=&#8221;Titillium Web|200|||||||&#8221; header_text_align=&#8221;center&#8221; header_text_color=&#8221;#1c1c1c&#8221; header_font_size=&#8221;48px&#8221; header_letter_spacing=&#8221;1px&#8221; header_line_height=&#8221;1.2em&#8221; header_2_font=&#8221;Titillium Web||||||||&#8221; header_2_text_align=&#8221;center&#8221; header_2_font_size=&#8221;60px&#8221; header_4_font=&#8221;Titillium Web|800|||||||&#8221; header_4_text_color=&#8221;#e12026&#8243; header_4_font_size=&#8221;21px&#8221; header_font_size_tablet=&#8221;35px&#8221; header_font_size_phone=&#8221;30px&#8221; header_font_size_last_edited=&#8221;on|desktop&#8221; header_2_font_size_tablet=&#8221;50px&#8221; header_2_font_size_phone=&#8221;40px&#8221; header_2_font_size_last_edited=&#8221;on|phone&#8221; global_colors_info=&#8221;{}&#8221; global_module=&#8221;185&#8243; theme_builder_area=&#8221;post_content&#8221;]<\/p>\n<h3>Alle produkter<\/h3>\n<p>[\/et_pb_text][et_pb_menu menu_id=&#8221;5&#8243; active_link_color=&#8221;#e12026&#8243; _builder_version=&#8221;4.27.5&#8243; _module_preset=&#8221;default&#8221; menu_font=&#8221;||||||||&#8221; menu_text_color=&#8221;#000000&#8243; menu_font_size=&#8221;15px&#8221; custom_css_free_form=&#8221;selector ul li {||\twidth:100%;||\ttransition:padding-left 0.5s;||}||||selector ul li:hover {||\tpadding-left: 15px;||}&#8221; saved_tabs=&#8221;all&#8221; locked=&#8221;off&#8221; global_colors_info=&#8221;{}&#8221; global_module=&#8221;187&#8243; theme_builder_area=&#8221;post_content&#8221;][\/et_pb_menu][\/et_pb_column][et_pb_column type=&#8221;3_4&#8243; _builder_version=&#8221;4.16&#8243; _module_preset=&#8221;_initial&#8221; border_color_top=&#8221;#e12026&#8243; border_width_left=&#8221;1px&#8221; border_color_left=&#8221;#e2e2e2&#8243; global_colors_info=&#8221;{}&#8221;][et_pb_text _builder_version=&#8221;4.16&#8243; _module_preset=&#8221;_initial&#8221; text_text_color=&#8221;#1c1c1c&#8221; header_font=&#8221;Titillium Web|300||on|||||&#8221; header_text_align=&#8221;center&#8221; header_text_color=&#8221;#1c1c1c&#8221; header_font_size=&#8221;48px&#8221; header_letter_spacing=&#8221;1px&#8221; header_line_height=&#8221;1.2em&#8221; header_2_font=&#8221;Titillium Web||||||||&#8221; header_2_text_align=&#8221;center&#8221; header_2_text_color=&#8221;#191716&#8243; header_2_font_size=&#8221;60px&#8221; header_4_font=&#8221;Titillium Web|800|||||||&#8221; header_4_text_color=&#8221;#e12026&#8243; header_4_font_size=&#8221;21px&#8221; custom_margin=&#8221;-14px||||false|false&#8221; custom_margin_tablet=&#8221;-20px||||false|false&#8221; custom_margin_phone=&#8221;-20px||||false|false&#8221; custom_margin_last_edited=&#8221;on|desktop&#8221; custom_padding=&#8221;||||false|false&#8221; header_font_size_tablet=&#8221;35px&#8221; header_font_size_phone=&#8221;30px&#8221; header_font_size_last_edited=&#8221;on|desktop&#8221; header_2_font_size_tablet=&#8221;50px&#8221; header_2_font_size_phone=&#8221;40px&#8221; header_2_font_size_last_edited=&#8221;on|phone&#8221; global_colors_info=&#8221;{}&#8221;]<\/p>\n<h2>VT 3130\/31\/32 (270 L)<\/h2>\n<p>[\/et_pb_text][et_pb_divider color=&#8221;#e12026&#8243; divider_weight=&#8221;5px&#8221; _builder_version=&#8221;4.16&#8243; _module_preset=&#8221;_initial&#8221; max_width=&#8221;50px&#8221; module_alignment=&#8221;center&#8221; custom_margin=&#8221;||||false|false&#8221; custom_margin_tablet=&#8221;-20px||||false|false&#8221; custom_margin_phone=&#8221;-20px||||false|false&#8221; custom_margin_last_edited=&#8221;on|desktop&#8221; global_colors_info=&#8221;{}&#8221;][\/et_pb_divider][et_pb_image src=&#8221;https:\/\/vesttherm.dk\/wp-content\/uploads\/2026\/02\/VT3130-hvid-kabinet-buet-front-i-sort-sort-folieProdukt.png&#8221; title_text=&#8221;VT3130 hvid kabinet, buet front i sort, sort folieProdukt&#8221; align=&#8221;center&#8221; _builder_version=&#8221;4.24.0&#8243; _module_preset=&#8221;default&#8221; custom_margin=&#8221;50px|||||&#8221; global_colors_info=&#8221;{}&#8221;][\/et_pb_image][et_pb_text _builder_version=&#8221;4.24.0&#8243; _module_preset=&#8221;_initial&#8221; text_text_color=&#8221;#1c1c1c&#8221; header_font=&#8221;Titillium Web|200|||||||&#8221; header_text_align=&#8221;center&#8221; header_text_color=&#8221;#1c1c1c&#8221; header_font_size=&#8221;48px&#8221; header_letter_spacing=&#8221;1px&#8221; header_line_height=&#8221;1.2em&#8221; header_2_font=&#8221;Titillium Web||||||||&#8221; header_2_text_align=&#8221;center&#8221; header_2_font_size=&#8221;60px&#8221; header_4_font=&#8221;Titillium Web|800|||||||&#8221; header_4_text_color=&#8221;#e12026&#8243; header_4_font_size=&#8221;21px&#8221; background_layout=&#8221;dark&#8221; width=&#8221;80%&#8221; module_alignment=&#8221;center&#8221; custom_margin=&#8221;||20px|0px|false|false&#8221; custom_padding=&#8221;||0px|||&#8221; header_font_size_tablet=&#8221;35px&#8221; header_font_size_phone=&#8221;30px&#8221; header_font_size_last_edited=&#8221;on|desktop&#8221; header_2_font_size_tablet=&#8221;50px&#8221; header_2_font_size_phone=&#8221;40px&#8221; header_2_font_size_last_edited=&#8221;on|phone&#8221; custom_css_free_form=&#8221;.rtecenter {||  max-width: 60px;||  text-align: center||}&#8221; locked=&#8221;off&#8221; global_colors_info=&#8221;{}&#8221;]<\/p>\n<div class=\"field-label\">\n<div class=\"field-label\">\n<div class=\"field-items\">\n<div class=\"field-item even\">\n<p>Varmepumpen udnytter energien i luften til at opvarme brugsvandet og er i stand til at d\u00e6kke det \u00e5rlige forbrug for en gennemsnitlig familie. Der er en tank kapacitet p\u00e5 270 liter og kan producere op til ca. 950 liter varmt vand pr 24 timer. Varmepumpen er energibesparende og g\u00f8r det muligt at spare op til 70 % af udgifterne til produktion af varmt vand.<\/p>\n<p>&nbsp;<\/p>\n<table border=\"1\" style=\"width: 95%; border-collapse: collapse; margin-left: auto; margin-right: auto; height: 216px;\" cellpadding=\"1\" cellspacing=\"1\">\n<tbody>\n<tr style=\"height: 24px;\">\n<td style=\"width: 70%; height: 24px;\">COP (L20\/W10-55)<\/td>\n<td style=\"width: 30%; height: 24px;\">3,63<\/td>\n<\/tr>\n<tr style=\"height: 24px;\">\n<td style=\"width: 70%; height: 24px;\">Energyklasse<\/td>\n<td style=\"width: 30%; height: 24px;\">A+<\/td>\n<\/tr>\n<tr style=\"height: 24px;\">\n<td style=\"width: 70%; height: 24px;\">K\u00f8lemiddel<\/td>\n<td style=\"width: 30%; height: 24px;\">150 g (R290)<\/td>\n<\/tr>\n<tr style=\"height: 24px;\">\n<td style=\"width: 70%; height: 24px;\">Volt \/ frekvens<\/td>\n<td style=\"width: 30%; height: 24px;\">220-240V \/ 50 Hz<\/td>\n<\/tr>\n<tr style=\"height: 24px;\">\n<td style=\"width: 70%; height: 24px;\">Tank<\/td>\n<td style=\"width: 30%; height: 24px;\">Emaljeret<br \/>Tilvalg: rustfri st\u00e5l<\/td>\n<\/tr>\n<tr style=\"height: 24px;\">\n<td style=\"width: 70%; height: 24px;\">Tank kapacitet VT3030<\/td>\n<td style=\"width: 30%; height: 24px;\">270 L<\/td>\n<\/tr>\n<tr style=\"height: 24px;\">\n<td style=\"width: 70%; height: 24px;\">Tank kapacitet VT3031<\/td>\n<td style=\"width: 30%; height: 24px;\">258 L<\/td>\n<\/tr>\n<tr>\n<td style=\"width: 70%;\">Tank kapacitet VT3032<\/td>\n<td style=\"width: 30%;\">242 L<\/td>\n<\/tr>\n<\/tbody>\n<\/table>\n<\/div>\n<\/div>\n<\/div>\n<\/div>\n<p>[\/et_pb_text][et_pb_toggle title=&#8221;\u00d8vrige specifikationer&#8221; closed_toggle_text_color=&#8221;#E12026&#8243; icon_color=&#8221;#E12026&#8243; toggle_icon=&#8221;&#x33;||divi||400&#8243; use_icon_font_size=&#8221;on&#8221; icon_font_size=&#8221;25px&#8221; open_icon_color=&#8221;#E12026&#8243; open_toggle_icon=&#8221;&#x32;||divi||400&#8243; open_use_icon_font_size=&#8221;on&#8221; open_icon_font_size=&#8221;25px&#8221; icon_color_last_edited=&#8221;off|desktop&#8221; module_class=&#8221;pa-toggle-icon-left&#8221; _builder_version=&#8221;4.24.0&#8243; _module_preset=&#8221;default&#8221; title_text_color=&#8221;#E12026&#8243; title_font_size=&#8221;22px&#8221; closed_title_font_size=&#8221;22px&#8221; background_color=&#8221;RGBA(255,255,255,0)&#8221; text_orientation=&#8221;left&#8221; width=&#8221;80%&#8221; module_alignment=&#8221;center&#8221; custom_margin=&#8221;-10px|0px|-10px|0px|true|false&#8221; custom_padding=&#8221;|||0px|false|false&#8221; hover_transition_duration=&#8221;50ms&#8221; hover_transition_speed_curve=&#8221;linear&#8221; custom_css_free_form=&#8221;\/*move the toggle icon to the left*\/||||.pa-toggle-icon-left .et_pb_toggle_title:before {||\tleft: 0 !important;||}||||||\/*adjust spacing on the left for the icon*\/||.pa-toggle-icon-left .et_pb_toggle_title,||.pa-toggle-icon-left .et_pb_toggle_content {||\t\tpadding: 0 1em 0 0 !important||}||||.et_pb_toggle_content {||  margin: 20px 0;||}&#8221; border_width_all=&#8221;0px&#8221; icon_color__hover=&#8221;#E12026&#8243; icon_color__hover_enabled=&#8221;off|hover&#8221; icon_font_size__hover=&#8221;25px&#8221; icon_font_size__hover_enabled=&#8221;off|desktop&#8221; locked=&#8221;off&#8221; global_colors_info=&#8221;{}&#8221; toggle_icon__hover_enabled=&#8221;off|desktop&#8221; toggle_icon__hover=&#8221;3||divi||400&#8243;]<\/p>\n<table border=\"1\" cellpadding=\"1\" cellspacing=\"1\" width=\"779\" height=\"1176\" style=\"height: 1176px; width: 779px;\">\n<tbody>\n<tr>\n<td style=\"width: 520.312px;\">Dimension:<\/td>\n<td style=\"width: 245.688px;\">H: 1768 mm \u00d8: 707 mm<\/td>\n<\/tr>\n<tr>\n<td style=\"width: 520.312px;\">V\u00e6gt:<\/td>\n<td style=\"width: 245.688px;\">130 &#8211; 153 &#8211; 175 kg<\/td>\n<\/tr>\n<tr style=\"background-color: #f7f7f7;\">\n<td style=\"width: 520.312px;\">Sp\u00e6nding\/frekvens:<\/td>\n<td style=\"width: 245.688px;\">230 V \/ 50 Hz Fase-Neutral-Jord<\/td>\n<\/tr>\n<tr style=\"background-color: #f7f7f7;\">\n<td style=\"width: 520.312px;\">Tilslutningseffekt VP:<\/td>\n<td style=\"width: 245.688px;\">395 Watt<\/td>\n<\/tr>\n<tr style=\"background-color: #f7f7f7;\">\n<td style=\"width: 520.312px;\">Udgangseffekt:<\/td>\n<td style=\"width: 245.688px;\">1421 Watt<\/td>\n<\/tr>\n<tr style=\"background-color: #f7f7f7;\">\n<td style=\"width: 520.312px;\">H\u00f8j suppleringsvarme:<\/td>\n<td style=\"width: 245.688px;\">2000 Watt \/ 230 V<\/td>\n<\/tr>\n<tr style=\"background-color: #f7f7f7;\">\n<td style=\"width: 520.312px;\">Tilslutningseffekt total:<\/td>\n<td style=\"width: 245.688px;\">2395 Watt \/ 230 V<\/td>\n<\/tr>\n<tr>\n<td style=\"width: 520.312px;\">Sikring ved h\u00f8j suppleringsvarme:<\/td>\n<td style=\"width: 245.688px;\">Minimum 13 A<\/td>\n<\/tr>\n<tr>\n<td style=\"width: 520.312px;\">Termostat for suppleringsvarme:<\/td>\n<td style=\"width: 245.688px;\">Indstillet p\u00e5 65\u00b0 C. Styres via displayet<\/td>\n<\/tr>\n<tr style=\"background-color: #f7f7f7;\">\n<td style=\"width: 520.312px;\">K\u00f8lemiddel fyldning:<\/td>\n<td style=\"width: 245.688px;\">Se typeskilt<\/td>\n<\/tr>\n<tr style=\"background-color: #f7f7f7;\">\n<td style=\"width: 520.312px;\">Luftm\u00e6ngde:<\/td>\n<td style=\"width: 245.688px;\">Min. \/ Max. 200 \/ 300 m3\/t<\/td>\n<\/tr>\n<tr style=\"background-color: #f7f7f7;\">\n<td style=\"width: 520.312px;\">Lufttemperatur: VT3130 \/ VT3131 \/ VT 3132<\/td>\n<td style=\"width: 245.688px;\">Min. -10\u00b0C til Max. +35\u00b0C<\/td>\n<\/tr>\n<tr>\n<td style=\"width: 520.312px;\">Vandbeholder: VT3130<\/td>\n<td style=\"width: 245.688px;\">Emaljeret, 266 Liter<\/td>\n<\/tr>\n<tr>\n<td style=\"width: 520.312px;\">Vandbeholder: VT3131<\/td>\n<td style=\"width: 245.688px;\">Emaljeret, 258 Liter<\/td>\n<\/tr>\n<tr>\n<td style=\"width: 520.312px;\">Vandbeholder: VT3132<\/td>\n<td style=\"width: 245.688px;\">Emaljeret, 242 Liter<\/td>\n<\/tr>\n<tr>\n<td style=\"width: 520.312px;\">Arbjedstryk:<\/td>\n<td style=\"width: 245.688px;\">Max 1MPa \/ 10 bar<\/td>\n<\/tr>\n<tr>\n<td style=\"width: 520.312px;\">Anode:<\/td>\n<td style=\"width: 245.688px;\">Magnesium &#8211; 5\/4&#8243; RG<\/td>\n<\/tr>\n<tr>\n<td style=\"width: 520.312px;\">Vandtemperatur:<\/td>\n<td style=\"width: 245.688px;\">Justerbar &#8211; Max. 62\u00b0C<\/td>\n<\/tr>\n<tr>\n<td style=\"width: 520.312px;\">Vandkapacitet:<\/td>\n<td style=\"width: 245.688px;\">950 L \/ 24 t<\/td>\n<\/tr>\n<tr>\n<td style=\"width: 520.312px;\">Tomgangsforbrug ved 20\u00b0C lufttemperatur og 55\u00b0C vandtemperatur &#8211; m\u00e5lt iflg. En16147:2023<\/td>\n<td style=\"width: 245.688px;\">20 Watt \/ 24 t<\/td>\n<\/tr>\n<tr style=\"background-color: #f7f7f7;\">\n<td style=\"width: 520.312px;\">Vandtilslutninger:<\/td>\n<td style=\"width: 245.688px;\"><\/td>\n<\/tr>\n<tr style=\"background-color: #f7f7f7;\">\n<td style=\"width: 520.312px;\">Koldt vand:<\/td>\n<td style=\"width: 245.688px;\">1&#8243; RG<\/td>\n<\/tr>\n<tr style=\"background-color: #f7f7f7;\">\n<td style=\"width: 520.312px;\">Varmt vand:<\/td>\n<td style=\"width: 245.688px;\">1&#8243; RG<\/td>\n<\/tr>\n<tr style=\"background-color: #f7f7f7;\">\n<td style=\"width: 520.312px;\">Kondensvand:<\/td>\n<td style=\"width: 245.688px;\">1\/2&#8243; RG<\/td>\n<\/tr>\n<tr style=\"background-color: #f7f7f7;\">\n<td style=\"width: 520.312px;\">Varmeveksler:<\/td>\n<td style=\"width: 245.688px;\">1&#8243; RG<\/td>\n<\/tr>\n<tr style=\"background-color: #f7f7f7;\">\n<td style=\"width: 520.312px;\">Cirkulation:<\/td>\n<td style=\"width: 245.688px;\">3\/4&#8243; RG<\/td>\n<\/tr>\n<tr style=\"background-color: #f7f7f7;\">\n<td style=\"width: 520.312px;\">Varmveksler varmeflade: VT3131<\/td>\n<td style=\"width: 245.688px;\">1,00 m2<\/td>\n<\/tr>\n<tr>\n<td style=\"width: 520.312px;\">Varmveksler varmeflade: VT3132<\/td>\n<td style=\"width: 245.688px;\">Nederste 1,5 m2 + \u00f8verste 0,6 m2<\/td>\n<\/tr>\n<tr>\n<td style=\"width: 520.312px;\">Elektronisk:<\/td>\n<td style=\"width: 245.688px;\">Ja<\/td>\n<\/tr>\n<tr>\n<td style=\"width: 520.312px;\">Luft, indl\u00f8b \/ udl\u00f8b:<\/td>\n<td style=\"width: 245.688px;\">Top \/ Top<\/td>\n<\/tr>\n<tr>\n<td style=\"width: 520.312px;\">Kanaltilslutning:<\/td>\n<td style=\"width: 245.688px;\">\u00d8160 mm<\/td>\n<\/tr>\n<tr>\n<td style=\"width: 520.312px;\">Legionella funktion:<\/td>\n<td style=\"width: 245.688px;\">Ja<\/td>\n<\/tr>\n<\/tbody>\n<\/table>\n<p>[\/et_pb_toggle][et_pb_toggle title=&#8221;Produkt sammenligning&#8221; closed_toggle_text_color=&#8221;#E12026&#8243; icon_color=&#8221;#E12026&#8243; toggle_icon=&#8221;&#x33;||divi||400&#8243; use_icon_font_size=&#8221;on&#8221; icon_font_size=&#8221;25px&#8221; open_icon_color=&#8221;#E12026&#8243; open_toggle_icon=&#8221;&#x32;||divi||400&#8243; open_use_icon_font_size=&#8221;on&#8221; open_icon_font_size=&#8221;25px&#8221; icon_color_last_edited=&#8221;off|desktop&#8221; module_class=&#8221;pa-toggle-icon-left&#8221; _builder_version=&#8221;4.24.0&#8243; _module_preset=&#8221;default&#8221; title_text_color=&#8221;#E12026&#8243; title_font_size=&#8221;22px&#8221; closed_title_font_size=&#8221;22px&#8221; background_color=&#8221;RGBA(255,255,255,0)&#8221; width=&#8221;80%&#8221; module_alignment=&#8221;center&#8221; custom_margin=&#8221;-10px|0px|70px|0px|false|true&#8221; custom_padding=&#8221;|||0px||&#8221; hover_transition_duration=&#8221;50ms&#8221; hover_transition_speed_curve=&#8221;linear&#8221; custom_css_free_form=&#8221;\/*move the toggle icon to the left*\/||||.pa-toggle-icon-left .et_pb_toggle_title:before {||\tleft: 0 !important;||}||||||\/*adjust spacing on the left for the icon*\/||||.pa-toggle-icon-left .et_pb_toggle_title,||.pa-toggle-icon-left .et_pb_toggle_content {||\tpadding: 0 0 0 1.3em !important||}||||.et_pb_toggle_content {||  margin: 20px 0;||}||||table {||  max-width: 800px||}&#8221; border_width_all=&#8221;0px&#8221; icon_color__hover_enabled=&#8221;off|desktop&#8221; locked=&#8221;off&#8221; global_colors_info=&#8221;{}&#8221;]<\/p>\n<table border=\"1\" cellpadding=\"1\" cellspacing=\"1\" style=\"width: 916px; height: 456px;\">\n<tbody>\n<tr style=\"height: 24px;\">\n<td style=\"width: 40%; height: 24px;\"><strong>Model<\/strong><\/td>\n<td class=\"rtecenter\" style=\"width: 137.297px; height: 24px;\"><strong>VT3130<\/strong><\/td>\n<td class=\"rtecenter\" style=\"width: 137.188px; height: 24px;\"><strong>VT3131<\/strong><\/td>\n<td class=\"rtecenter\" style=\"width: 135.219px; height: 24px;\"><strong>VT3132<\/strong><\/td>\n<\/tr>\n<tr style=\"height: 24px;\">\n<td style=\"width: 483.297px; height: 24px;\"><strong>Specifikationer<\/strong><\/td>\n<td style=\"width: 137.297px; height: 24px;\"><\/td>\n<td style=\"width: 137.188px; height: 24px;\"><\/td>\n<td style=\"width: 135.219px; height: 24px;\"><\/td>\n<\/tr>\n<tr style=\"height: 24px;\">\n<td style=\"width: 483.297px; height: 24px;\">-10\u00b0\/35\u00b0<\/td>\n<td class=\"rtecenter\" style=\"width: 137.297px; height: 24px;\">x<\/td>\n<td class=\"rtecenter\" style=\"width: 137.188px; height: 24px;\">x<\/td>\n<td class=\"rtecenter\" style=\"width: 135.219px; height: 24px;\">x<\/td>\n<\/tr>\n<tr style=\"height: 24px;\">\n<td style=\"width: 483.297px; height: 24px;\">Elektronisk styring<\/td>\n<td class=\"rtecenter\" style=\"width: 137.297px; height: 24px;\">x<\/td>\n<td class=\"rtecenter\" style=\"width: 137.188px; height: 24px;\">x<\/td>\n<td class=\"rtecenter\" style=\"width: 135.219px; height: 24px;\">x<\/td>\n<\/tr>\n<tr style=\"height: 24px;\">\n<td style=\"width: 483.297px; height: 24px;\">Luft i top (ind + ud)<\/td>\n<td class=\"rtecenter\" style=\"width: 137.297px; height: 24px;\">x<\/td>\n<td class=\"rtecenter\" style=\"width: 137.188px; height: 24px;\">x<\/td>\n<td class=\"rtecenter\" style=\"width: 135.219px; height: 24px;\">x<\/td>\n<\/tr>\n<tr style=\"height: 24px;\">\n<td style=\"width: 483.297px; height: 24px;\">Uden spiral<\/td>\n<td class=\"rtecenter\" style=\"width: 137.297px; height: 24px;\">x<\/td>\n<td class=\"rtecenter\" style=\"width: 137.188px; height: 24px;\"><\/td>\n<td class=\"rtecenter\" style=\"width: 135.219px; height: 24px;\"><\/td>\n<\/tr>\n<tr style=\"height: 24px;\">\n<td style=\"width: 483.297px; height: 24px;\">1 spiral (1m2)<\/td>\n<td class=\"rtecenter\" style=\"width: 137.297px; height: 24px;\"><\/td>\n<td class=\"rtecenter\" style=\"width: 137.188px; height: 24px;\">x<\/td>\n<td class=\"rtecenter\" style=\"width: 135.219px; height: 24px;\"><\/td>\n<\/tr>\n<tr style=\"height: 24px;\">\n<td style=\"width: 483.297px; height: 24px;\">2 spiral (1,5m2 + 0,6m2)<\/td>\n<td class=\"rtecenter\" style=\"width: 137.297px; height: 24px;\"><\/td>\n<td class=\"rtecenter\" style=\"width: 137.188px; height: 24px;\"><\/td>\n<td class=\"rtecenter\" style=\"width: 135.219px; height: 24px;\">x<\/td>\n<\/tr>\n<tr style=\"height: 24px;\">\n<td style=\"width: 483.297px; height: 24px;\">Elstav 2000 Watt<\/td>\n<td class=\"rtecenter\" style=\"width: 137.297px; height: 24px;\">x<\/td>\n<td class=\"rtecenter\" style=\"width: 137.188px; height: 24px;\">x<\/td>\n<td class=\"rtecenter\" style=\"width: 135.219px; height: 24px;\">x<\/td>\n<\/tr>\n<tr style=\"height: 24px;\">\n<td style=\"width: 483.297px; height: 24px;\">Kanaltilslutning \u00f8160mm<\/td>\n<td class=\"rtecenter\" style=\"width: 137.297px; height: 24px;\">x<\/td>\n<td class=\"rtecenter\" style=\"width: 137.188px; height: 24px;\">x<\/td>\n<td class=\"rtecenter\" style=\"width: 135.219px; height: 24px;\">x<\/td>\n<\/tr>\n<tr style=\"height: 24px;\">\n<td style=\"width: 483.297px; height: 24px;\">Legionella funktion<\/td>\n<td class=\"rtecenter\" style=\"width: 137.297px; height: 24px;\">x<\/td>\n<td class=\"rtecenter\" style=\"width: 137.188px; height: 24px;\">x<\/td>\n<td class=\"rtecenter\" style=\"width: 135.219px; height: 24px;\">x<\/td>\n<\/tr>\n<tr style=\"height: 24px;\">\n<td style=\"width: 483.297px; height: 24px;\">Solar funktion<\/td>\n<td class=\"rtecenter\" style=\"width: 137.297px; height: 24px;\">x<\/td>\n<td class=\"rtecenter\" style=\"width: 137.188px; height: 24px;\">x<\/td>\n<td class=\"rtecenter\" style=\"width: 135.219px; height: 24px;\">x<\/td>\n<\/tr>\n<tr style=\"height: 24px;\">\n<td style=\"width: 483.297px; height: 24px;\">Holiday funktion<\/td>\n<td class=\"rtecenter\" style=\"width: 137.297px; height: 24px;\">x<\/td>\n<td class=\"rtecenter\" style=\"width: 137.188px; height: 24px;\">x<\/td>\n<td class=\"rtecenter\" style=\"width: 135.219px; height: 24px;\">x<\/td>\n<\/tr>\n<tr style=\"height: 24px;\">\n<td style=\"width: 483.297px; height: 24px;\">Boost funktion<\/td>\n<td class=\"rtecenter\" style=\"width: 137.297px; height: 24px;\">x<\/td>\n<td class=\"rtecenter\" style=\"width: 137.188px; height: 24px;\">x<\/td>\n<td class=\"rtecenter\" style=\"width: 135.219px; height: 24px;\">x<\/td>\n<\/tr>\n<tr style=\"height: 24px;\">\n<td style=\"width: 483.297px; height: 24px;\">Anode (magnesium)<\/td>\n<td class=\"rtecenter\" style=\"width: 137.297px; height: 24px;\">x<\/td>\n<td class=\"rtecenter\" style=\"width: 137.188px; height: 24px;\">x<\/td>\n<td class=\"rtecenter\" style=\"width: 135.219px; height: 24px;\">x<\/td>\n<\/tr>\n<tr style=\"height: 24px;\">\n<td style=\"width: 483.297px; height: 24px;\">Signal anode (tilvalg)<\/td>\n<td class=\"rtecenter\" style=\"width: 137.297px; height: 24px;\">x<\/td>\n<td class=\"rtecenter\" style=\"width: 137.188px; height: 24px;\">x<\/td>\n<td class=\"rtecenter\" style=\"width: 135.219px; height: 24px;\">x<\/td>\n<\/tr>\n<tr style=\"height: 24px;\">\n<td style=\"width: 483.297px; height: 24px;\">Timerfunktion (tilvalg)<\/td>\n<td class=\"rtecenter\" style=\"width: 137.297px; height: 24px;\">x<\/td>\n<td class=\"rtecenter\" style=\"width: 137.188px; height: 24px;\">x<\/td>\n<td class=\"rtecenter\" style=\"width: 135.219px; height: 24px;\">x<\/td>\n<\/tr>\n<tr style=\"height: 24px;\">\n<td style=\"width: 483.297px; height: 24px;\">Flange, bund (standard)<\/td>\n<td class=\"rtecenter\" style=\"width: 137.297px; height: 24px;\">x<\/td>\n<td class=\"rtecenter\" style=\"width: 137.188px; height: 24px;\">x<\/td>\n<td class=\"rtecenter\" style=\"width: 135.219px; height: 24px;\">x<\/td>\n<\/tr>\n<tr style=\"height: 24px;\">\n<td style=\"width: 483.297px; height: 24px;\">Flange, front (tilvalg)<\/td>\n<td class=\"rtecenter\" style=\"width: 137.297px; height: 24px;\">x<\/td>\n<td class=\"rtecenter\" style=\"width: 137.188px; height: 24px;\">x<\/td>\n<td class=\"rtecenter\" style=\"width: 135.219px; height: 24px;\">x<\/td>\n<\/tr>\n<\/tbody>\n<\/table>\n<p>[\/et_pb_toggle][\/et_pb_column][\/et_pb_row][\/et_pb_section]<\/p>\n","protected":false},"excerpt":{"rendered":"<p>Alle produkterVT 3130\/31\/32 (270 L) Varmepumpen udnytter energien i luften til at opvarme brugsvandet og er i stand til at d\u00e6kke det \u00e5rlige forbrug for en gennemsnitlig familie. Der er en tank kapacitet p\u00e5 270 liter og kan producere op til ca. 950 liter varmt vand pr 24 timer. Varmepumpen er energibesparende og g\u00f8r det [&hellip;]<\/p>\n","protected":false},"author":1,"featured_media":0,"parent":0,"menu_order":0,"comment_status":"closed","ping_status":"closed","template":"","meta":{"_et_pb_use_builder":"on","_et_pb_old_content":"","_et_gb_content_width":"","inline_featured_image":false,"footnotes":""},"class_list":["post-78","page","type-page","status-publish","hentry"],"_links":{"self":[{"href":"https:\/\/vesttherm.dk\/de\/wp-json\/wp\/v2\/pages\/78","targetHints":{"allow":["GET"]}}],"collection":[{"href":"https:\/\/vesttherm.dk\/de\/wp-json\/wp\/v2\/pages"}],"about":[{"href":"https:\/\/vesttherm.dk\/de\/wp-json\/wp\/v2\/types\/page"}],"author":[{"embeddable":true,"href":"https:\/\/vesttherm.dk\/de\/wp-json\/wp\/v2\/users\/1"}],"replies":[{"embeddable":true,"href":"https:\/\/vesttherm.dk\/de\/wp-json\/wp\/v2\/comments?post=78"}],"version-history":[{"count":5,"href":"https:\/\/vesttherm.dk\/de\/wp-json\/wp\/v2\/pages\/78\/revisions"}],"predecessor-version":[{"id":190,"href":"https:\/\/vesttherm.dk\/de\/wp-json\/wp\/v2\/pages\/78\/revisions\/190"}],"wp:attachment":[{"href":"https:\/\/vesttherm.dk\/de\/wp-json\/wp\/v2\/media?parent=78"}],"curies":[{"name":"wp","href":"https:\/\/api.w.org\/{rel}","templated":true}]}}